{"id":89,"date":"2018-10-26T12:23:47","date_gmt":"2018-10-26T12:23:47","guid":{"rendered":"https:\/\/mobilis.com.ro\/?page_id=89"},"modified":"2018-10-29T08:06:35","modified_gmt":"2018-10-29T08:06:35","slug":"servicii","status":"publish","type":"page","link":"https:\/\/mobilis.com.ro\/index.php\/servicii\/","title":{"rendered":"Servicii"},"content":{"rendered":"<p>GAMA DE SERVICII a SC MOBILIS SRL include dezvoltarea de proiecte LA CHEIE cu toate etapele pe care acestea le presupun\u00a0evaluarea amplasamentelor pregatirea acestora in vederea instalarii, realizarea planurilor de gestionare a proiectelor in functie de cerintele clientilor, achizitionarea, implementarea, testarea, semnarea certificatelor de acceptanta provizorii si finale, instalarea retelelor si sistemelor de telecomunicatii vanzarea, echipamentelor dedicate. convertizoare, antene satelit, sisteme de date si voce prin retele conventionale wireless (Simplex sau Semiduplex), Trunking MPT 1327 si TETRA, sisteme multiplatforma GPS .AVL, statii radio fixe, mobile, portabile (VHF, UHF) si accesorii, etc<\/p>\n<p>MOBILIS a creat \u015fi a stabilit o linie de afaceri, prin v\u00e2nzarea \u015fi instalarea re\u0163elelor de radio pentru furnizorii ISP, utiliz\u00e2nd echipamente \u00een band\u0103 nelicen\u0163iat\u0103 \u015fi licen\u0163iat\u0103 P2P \u015fi P2MP.<br \/>\n\u00cen 2001 compania noastr\u0103 a demarat procesul de diversificare a activit\u0103\u0163ilor. Ca sub-contractor al unor mari companii din domeniul GSM (VODAFONE, COSMOTE, TELEMOBIL) a realizat activit\u0103\u0163i de instalare linkuri radiorelee, a executat activit\u0103\u0163i de mentenan\u0163\u0103, reconfigur\u0103ri site-uri, precum \u015fi lucr\u0103ri complexe de instalare site-uri GSM (dual band), upgrade etc.<br \/>\n&#8211; Am c\u00e2\u015ftigat o vast\u0103 experien\u0163\u0103 \u00een instalarea de echipamente ISP \u015fi ne-am imbun\u0103t\u0103\u0163it nivelul de expertiz\u0103 prin derularea timp de doi ani \u015fi jum\u0103tate (din 2005 p\u00e2n\u0103 \u00een 2007) a contractului de mentenan\u0163\u0103 pentru clien\u0163ii ISP ai VODAFONE (1800 de clien\u0163i).<br \/>\n&#8211; \u00cen paralel, din 2001, continu\u0103m instalarea echipamentelor radio (Breeze Acces \/ Alvarion, Unit\u0103\u0163i de acces pe site-urile VODAFONE), \u015fi, de asemenea, echipamente de re\u0163ea pentru infrastructura Vodafone (switch-uri, routere, surse alimentare \u015fi back-up pentru diversi producatori).<br \/>\n&#8211; \u00cen luna decembrie 2008, societatea noastr\u0103 a \u00eenceput primul proiect ce are ca obiect instalarea \u015fi punerea \u00een func\u0163iune a cabinetelor Huawei 3G pentru ROMTELECOM S.A. (pentru c\u00e2teva faze din proiect).<br \/>\n&#8211; \u00cen decembrie 2009 MOBILIS a c\u00e2\u015ftigat un proiect in care beneficiarul final este Serviciul de Telecomunica\u0163ii Speciale si care are ca obiecte:<br \/>\n1. Furnizarea de echipamente de acces (sta\u0163ii radio de baz\u0103 \u015fi terminale de abonat) inclusiv instalarea \u015fi punerea \u00een func\u0163iune a re\u0163elei WiMAX 802.16.e<br \/>\n2. executarea de bran\u015famente electrice complexe \u015fi ob\u0163inerea de avize de rezisten\u0163\u0103 pentru structurile din amplasamentele de telecomunica\u0163ii.<br \/>\n&#8211; MOBILIS a fost un partener activ pentru crearea infrastructurii TETRA pentru Inspectoratul Poli\u0163iei de Frontier\u0103 (32 sta\u0163ii de baz\u0103, 300 de terminale fixe \u015fi 600 de terminale mobile), de-a lungul frontierei de est din Rom\u00e2nia;<br \/>\n&#8211; MOBILIS a participat la mai multe proiecte const\u00e2nd \u00een servicii de proiectare, studii de fezabilitate \u015fi consultan\u0163\u0103 tehnic\u0103. Principalul proiect:<br \/>\n\u201cSistem integrat de comunica\u0163ii \u015fi aplica\u0163ii\u201d este dezvoltat \u00een cadrul Ministerului Mediului \u015fi Dezvolt\u0103rii Durabile, beneficiarul fiind Administra\u0163ia Rezerva\u0163iei \u015fi Biosferei Delta Dun\u0103rii<br \/>\n&#8211; Printre alte activit\u0103\u0163i, MOBILIS a administrat mai multe proiecte \u00een ceea ce prive\u015fte proiectarea \u015fi execu\u0163ia de sisteme integrate de monitorizare, supraveghere video \u015fi sisteme de securitate.<\/p>\n","protected":false},"excerpt":{"rendered":"<p>GAMA DE SERVICII a SC MOBILIS SRL include dezvoltarea de proiecte LA CHEIE cu toate etapele pe care acestea le presupun\u00a0evaluarea amplasamentelor pregatirea acestora in vederea instalarii, realizarea planurilor de gestionare a proiectelor in functie de cerintele clientilor, achizitionarea, implementarea, testarea, semnarea certificatelor de acceptanta provizorii si finale, instalarea retelelor si sistemelor de telecomunicatii vanzarea,<a class=\"more-link\" href=\"https:\/\/mobilis.com.ro\/index.php\/servicii\/\">Continu\u0103 lectura <span class=\"meta-nav\">&rarr;<\/span><\/a><\/p>\n","protected":false},"author":1,"featured_media":0,"parent":0,"menu_order":0,"comment_status":"closed","ping_status":"closed","template":"","meta":{"footnotes":""},"class_list":["post-89","page","type-page","status-publish","hentry"],"_links":{"self":[{"href":"https:\/\/mobilis.com.ro\/index.php\/wp-json\/wp\/v2\/pages\/89","targetHints":{"allow":["GET"]}}],"collection":[{"href":"https:\/\/mobilis.com.ro\/index.php\/wp-json\/wp\/v2\/pages"}],"about":[{"href":"https:\/\/mobilis.com.ro\/index.php\/wp-json\/wp\/v2\/types\/page"}],"author":[{"embeddable":true,"href":"https:\/\/mobilis.com.ro\/index.php\/wp-json\/wp\/v2\/users\/1"}],"replies":[{"embeddable":true,"href":"https:\/\/mobilis.com.ro\/index.php\/wp-json\/wp\/v2\/comments?post=89"}],"version-history":[{"count":2,"href":"https:\/\/mobilis.com.ro\/index.php\/wp-json\/wp\/v2\/pages\/89\/revisions"}],"predecessor-version":[{"id":108,"href":"https:\/\/mobilis.com.ro\/index.php\/wp-json\/wp\/v2\/pages\/89\/revisions\/108"}],"wp:attachment":[{"href":"https:\/\/mobilis.com.ro\/index.php\/wp-json\/wp\/v2\/media?parent=89"}],"curies":[{"name":"wp","href":"https:\/\/api.w.org\/{rel}","templated":true}]}}