{"id":21,"date":"2018-10-26T10:45:40","date_gmt":"2018-10-26T10:45:40","guid":{"rendered":"https:\/\/mobilis.com.ro\/?page_id=21"},"modified":"2018-10-26T10:45:40","modified_gmt":"2018-10-26T10:45:40","slug":"o-sectiune-pe-prima-pagina","status":"publish","type":"page","link":"https:\/\/mobilis.com.ro\/index.php\/o-sectiune-pe-prima-pagina\/","title":{"rendered":"O sec\u021biune pe prima pagin\u0103"},"content":{"rendered":"<p>Acesta e un exemplu de sec\u021biune pentru prima pagin\u0103. Sec\u021biunile de pe prima pagin\u0103 pot fi orice alt\u0103 pagin\u0103 except\u00e2nd-o pe prima, inclusiv pagina care arat\u0103 ultimele tale articole de blog.<\/p>\n","protected":false},"excerpt":{"rendered":"<p>Acesta e un exemplu de sec\u021biune pentru prima pagin\u0103. Sec\u021biunile de pe prima pagin\u0103 pot fi orice alt\u0103 pagin\u0103 except\u00e2nd-o pe prima, inclusiv pagina care arat\u0103 ultimele tale articole de blog.<\/p>\n","protected":false},"author":1,"featured_media":0,"parent":0,"menu_order":0,"comment_status":"closed","ping_status":"closed","template":"","meta":{"footnotes":""},"class_list":["post-21","page","type-page","status-publish","hentry"],"_links":{"self":[{"href":"https:\/\/mobilis.com.ro\/index.php\/wp-json\/wp\/v2\/pages\/21","targetHints":{"allow":["GET"]}}],"collection":[{"href":"https:\/\/mobilis.com.ro\/index.php\/wp-json\/wp\/v2\/pages"}],"about":[{"href":"https:\/\/mobilis.com.ro\/index.php\/wp-json\/wp\/v2\/types\/page"}],"author":[{"embeddable":true,"href":"https:\/\/mobilis.com.ro\/index.php\/wp-json\/wp\/v2\/users\/1"}],"replies":[{"embeddable":true,"href":"https:\/\/mobilis.com.ro\/index.php\/wp-json\/wp\/v2\/comments?post=21"}],"version-history":[{"count":1,"href":"https:\/\/mobilis.com.ro\/index.php\/wp-json\/wp\/v2\/pages\/21\/revisions"}],"predecessor-version":[{"id":27,"href":"https:\/\/mobilis.com.ro\/index.php\/wp-json\/wp\/v2\/pages\/21\/revisions\/27"}],"wp:attachment":[{"href":"https:\/\/mobilis.com.ro\/index.php\/wp-json\/wp\/v2\/media?parent=21"}],"curies":[{"name":"wp","href":"https:\/\/api.w.org\/{rel}","templated":true}]}}