{"id":18,"date":"2018-10-26T10:45:40","date_gmt":"2018-10-26T10:45:40","guid":{"rendered":"https:\/\/mobilis.com.ro\/?page_id=18"},"modified":"2025-12-09T06:35:09","modified_gmt":"2025-12-09T06:35:09","slug":"despre","status":"publish","type":"page","link":"https:\/\/mobilis.com.ro\/index.php\/despre\/","title":{"rendered":"Despre Noi"},"content":{"rendered":"\n<p><b>MOBILIS SRL<\/b>&nbsp;a luat fiinta in anul 1994 si are ca obiect principal de activitate, conform clasificarii nationale CAEN, activitati de telecomunicatii prin retele cu cablu, prin retele fara cablu si prin satelit \u2013 cod 6110.<br>Societatea detine Certificatul tip de furnizor de retele si servicii de comunicatii electronice eliberat de Autoritatea Nationala pentru Administratie si Reglementare in Comunicatii, din anul 2009 detine autorizatie pentru proiectare, instalare si intretinere sisteme de alarmare impotriva efractiei iar din anul 2014 detine autorizatie pentru proiectare, instalare si intretinere a sistemelor si instalatiilor de semnalizare, alarmare si alertare in caz de incendiu.<\/p>\n\n\n<div class=\"wp-block-image\">\n<figure class=\"aligncenter\"><img loading=\"lazy\" decoding=\"async\" width=\"207\" height=\"300\" src=\"https:\/\/mobilis.com.ro\/wp-content\/uploads\/2018\/10\/Radio-tower-207x300.png\" alt=\"\" class=\"wp-image-37\" srcset=\"https:\/\/mobilis.com.ro\/wp-content\/uploads\/2018\/10\/Radio-tower-207x300.png 207w, https:\/\/mobilis.com.ro\/wp-content\/uploads\/2018\/10\/Radio-tower.png 400w\" sizes=\"auto, (max-width: 207px) 100vw, 207px\" \/><\/figure>\n<\/div>\n\n\n<p><b>MOBILIS S.R.L.<\/b> are implementate urm\u0103toarele sisteme de management al calitatii :<\/p>\n\n\n\n<p class=\"has-text-align-center\">1. Certificare Sistem de Management<span class=\"fontstyle0\"> al <\/span><span class=\"fontstyle0\">Resposabilit\u0103\u021bii Sociale<\/span><\/p>\n\n\n\n<p class=\"has-text-align-center\"><b>RS 8001:2008<\/b><\/p>\n\n\n\n<p class=\"has-text-align-center\">2. Certificare Sistem de Management al Calit\u0103\u0163ii,<\/p>\n\n\n\n<p class=\"has-text-align-center\"><b>ISO 9001:2015<\/b><\/p>\n\n\n\n<p class=\"has-text-align-center\">3. Certificare Sistem de Management de Mediu.<\/p>\n\n\n\n<p class=\"has-text-align-center\"><b>ISO 14001:2015<\/b><\/p>\n\n\n\n<p class=\"has-text-align-center\">4. Certificare Sistem de Management al Securitatii Informatiei<\/p>\n\n\n\n<p class=\"has-text-align-center\"><b>ISO 27001:20<\/b><strong>22<\/strong><\/p>\n\n\n\n<p class=\"has-text-align-center\">5. Certificare Sistem de Management al Serviciilor de \u00cenv\u0103t\u0103m\u00e2nt<\/p>\n\n\n\n<p class=\"has-text-align-center\"><b>ISO 29990:2010<\/b><\/p>\n\n\n\n<p class=\"has-text-align-center\">6. Certificare Sistem de Management al S\u0103n\u0103t\u0103\u0163ii \u015fi Securit\u0103\u0163ii Ocupa\u021bionale<\/p>\n\n\n\n<p class=\"has-text-align-center\"><b>ISO 45001:2018<\/b><\/p>\n","protected":false},"excerpt":{"rendered":"<p>MOBILIS SRL&nbsp;a luat fiinta in anul 1994 si are ca obiect principal de activitate, conform clasificarii nationale CAEN, activitati de telecomunicatii prin retele cu cablu, prin retele fara cablu si prin satelit \u2013 cod 6110.Societatea detine Certificatul tip de furnizor de retele si servicii de comunicatii electronice eliberat de Autoritatea Nationala pentru Administratie si Reglementare<a class=\"more-link\" href=\"https:\/\/mobilis.com.ro\/index.php\/despre\/\">Continu\u0103 lectura <span class=\"meta-nav\">&rarr;<\/span><\/a><\/p>\n","protected":false},"author":1,"featured_media":0,"parent":0,"menu_order":0,"comment_status":"closed","ping_status":"closed","template":"","meta":{"footnotes":""},"class_list":["post-18","page","type-page","status-publish","hentry"],"_links":{"self":[{"href":"https:\/\/mobilis.com.ro\/index.php\/wp-json\/wp\/v2\/pages\/18","targetHints":{"allow":["GET"]}}],"collection":[{"href":"https:\/\/mobilis.com.ro\/index.php\/wp-json\/wp\/v2\/pages"}],"about":[{"href":"https:\/\/mobilis.com.ro\/index.php\/wp-json\/wp\/v2\/types\/page"}],"author":[{"embeddable":true,"href":"https:\/\/mobilis.com.ro\/index.php\/wp-json\/wp\/v2\/users\/1"}],"replies":[{"embeddable":true,"href":"https:\/\/mobilis.com.ro\/index.php\/wp-json\/wp\/v2\/comments?post=18"}],"version-history":[{"count":13,"href":"https:\/\/mobilis.com.ro\/index.php\/wp-json\/wp\/v2\/pages\/18\/revisions"}],"predecessor-version":[{"id":235,"href":"https:\/\/mobilis.com.ro\/index.php\/wp-json\/wp\/v2\/pages\/18\/revisions\/235"}],"wp:attachment":[{"href":"https:\/\/mobilis.com.ro\/index.php\/wp-json\/wp\/v2\/media?parent=18"}],"curies":[{"name":"wp","href":"https:\/\/api.w.org\/{rel}","templated":true}]}}