{"id":179,"date":"2025-12-05T12:40:55","date_gmt":"2025-12-05T12:40:55","guid":{"rendered":"https:\/\/mobilis.com.ro\/?page_id=179"},"modified":"2025-12-09T07:05:41","modified_gmt":"2025-12-09T07:05:41","slug":"repowereu","status":"publish","type":"page","link":"https:\/\/mobilis.com.ro\/index.php\/repowereu\/","title":{"rendered":"RePowerEU"},"content":{"rendered":"\n<figure class=\"wp-block-image size-large\"><img loading=\"lazy\" decoding=\"async\" width=\"1024\" height=\"85\" src=\"https:\/\/mobilis.com.ro\/wp-content\/uploads\/2025\/12\/logo-UE_NextGEN_Guv.-RO_PNRR_COLOR_RGB_A4-1024x85.png\" alt=\"\" class=\"wp-image-181\" srcset=\"https:\/\/mobilis.com.ro\/wp-content\/uploads\/2025\/12\/logo-UE_NextGEN_Guv.-RO_PNRR_COLOR_RGB_A4-1024x85.png 1024w, https:\/\/mobilis.com.ro\/wp-content\/uploads\/2025\/12\/logo-UE_NextGEN_Guv.-RO_PNRR_COLOR_RGB_A4-300x25.png 300w, https:\/\/mobilis.com.ro\/wp-content\/uploads\/2025\/12\/logo-UE_NextGEN_Guv.-RO_PNRR_COLOR_RGB_A4-768x64.png 768w, https:\/\/mobilis.com.ro\/wp-content\/uploads\/2025\/12\/logo-UE_NextGEN_Guv.-RO_PNRR_COLOR_RGB_A4-1536x127.png 1536w, https:\/\/mobilis.com.ro\/wp-content\/uploads\/2025\/12\/logo-UE_NextGEN_Guv.-RO_PNRR_COLOR_RGB_A4.png 2036w\" sizes=\"auto, (max-width: 1024px) 100vw, 1024px\" \/><\/figure>\n\n\n\n<div class=\"wp-block-columns is-layout-flex wp-container-core-columns-is-layout-9d6595d7 wp-block-columns-is-layout-flex\">\n<div class=\"wp-block-column is-layout-flow wp-block-column-is-layout-flow\">\n<p>NUMELE PROIECTULUI:<\/p>\n\n\n\n<p><strong>Eficientizarea energetic\u0103 a cl\u0103dirilor reziden\u021biale unifamiliale prin integrarea de panouri fotovoltaice \u0219i baterii de stocare pentru gospod\u0103riile vulnerabile<\/strong><\/p>\n\n\n\n<p>NUMELE BENEFICIARULUI:<\/p>\n\n\n\n<p><strong>MOBILIS S.R.L.<\/strong><\/p>\n<\/div>\n\n\n\n<div class=\"wp-block-column is-vertically-aligned-top is-layout-flow wp-block-column-is-layout-flow\">\n<p class=\"has-text-align-left\">Finan\u021bat prin Planul Na\u021bional de Redresare \u0219i Rezilien\u021b\u0103 Pilonul I. Tranzi\u021bia verde Componenta 16. RePowerEU Investi\u021bia 4. Schema de granturi sub form\u0103 de bonuri valorice pentru accelerarea utiliz\u0103rii energiei din surse regenerabile de c\u0103tre gospod\u0103rii.<\/p>\n<\/div>\n<\/div>\n\n\n\n<p><strong>Obiectivul proiectului <\/strong>este<strong> <\/strong>reducerea consumului de energie prin cre\u0219terea eficien\u021bei energetice a cl\u0103dirilor reziden\u021biale unifamiliale, acceler\u00e2nd implementarea produc\u021biei de energie din surse regenerabile.<strong><\/strong><\/p>\n\n\n\n<p>Proiectul vizeaz\u0103 reducerea costurilor \u0219i cre\u0219terea eficien\u021bei energetice a locuin\u021belor prin instalarea sistemelor de panouri fotovoltaice \u0219i sisteme de stocare a energiei electrice, oferind sprijin gospod\u0103riilor vulnerabile.<\/p>\n\n\n\n<p>Proiectul va sprijini tranzi\u021bia c\u0103tre surse regenerabile de energie, reduc\u00e2nd dependen\u021ba de re\u021belele clasice de energie \u0219i promov\u00e2nd autonomia energetic\u0103 a gospod\u0103riilor vulnerabile, \u00eembun\u0103t\u0103\u021bind astfel calitatea vie\u021bii \u0219i reduc\u00e2nd totodat\u0103 emisiile de gaze cu efect de ser\u0103.<\/p>\n\n\n\n<p><strong>Obiective specifice ale proiectului:<\/strong><\/p>\n\n\n\n<p>1. <strong>Instalarea de sisteme<\/strong><strong> de panouri<\/strong><strong> fotovoltaice<\/strong> cu o capacitate de minim 3 kW\/locuin\u021b\u0103 &nbsp;pentru 996 de gospod\u0103rii vulnerabile, pentru a le asigura energie din surse regenerabile \u0219i a reduce dependen\u021ba de re\u021belele conven\u021bionale;<\/p>\n\n\n\n<p>2. <strong>Instalarea de sisteme de stocare a energiei<\/strong> de minim 5 kWh\/locuin\u021b\u0103 pentru 996 de gospod\u0103rii vulnerabile, pentru a valorifica eficient energia produs\u0103 \u0219i a asigura disponibilitatea acesteia pe termen lung;<\/p>\n\n\n\n<p>3. <strong>Reducerea costurilor cu energia electric\u0103<\/strong> pentru 996 de gospod\u0103rii vulnerabile prin utilizarea energiei solare \u0219i a solu\u021biilor de stocare;<\/p>\n\n\n\n<p>4. <strong>Cre\u0219terea autonomiei energetice \u0219i a sustenabilit\u0103\u021bii<\/strong> gospod\u0103riilor, oferindu-le acces constant la energie verde, inclusiv \u00een caz de \u00eentreruperi ale re\u021belei.<\/p>\n\n\n\n<p>5. <strong>Reducerea emisiilor de carbon \u0219i promovarea energiilor regenerabile<\/strong>, contribuind la obiectivele na\u021bionale \u0219i europene de protec\u021bie a mediului.<\/p>\n\n\n\n<p class=\"has-text-align-center\"><strong><strong>VALOAREA TOTAL\u0102 A PROIECTULUI:<\/strong><br><strong>60.349.640 LEI<\/strong><\/strong><\/p>\n\n\n\n<div class=\"wp-block-columns is-layout-flex wp-container-core-columns-is-layout-9d6595d7 wp-block-columns-is-layout-flex\">\n<div class=\"wp-block-column is-layout-flow wp-block-column-is-layout-flow\">\n<p class=\"has-text-align-center\"><strong>DATA \u00ceNCEPERII<\/strong><strong>:<\/strong><\/p>\n\n\n\n<p class=\"has-text-align-center\"><strong>21.11.2025<\/strong><\/p>\n<\/div>\n\n\n\n<div class=\"wp-block-column is-layout-flow wp-block-column-is-layout-flow\">\n<p class=\"has-text-align-center\"><strong>DATA FINALIZ\u0102RII<\/strong><strong>:<\/strong><\/p>\n\n\n\n<p class=\"has-text-align-center\"><strong>30.06.2026<\/strong><\/p>\n<\/div>\n\n\n\n<div class=\"wp-block-column is-layout-flow wp-block-column-is-layout-flow\">\n<p class=\"has-text-align-center\"><strong>CODUL PROIECTULUI<\/strong>:<br>PNRR\/2024\/C16RePowerEU\/I4\/1.A<\/p>\n<\/div>\n<\/div>\n\n\n\n<p data-wp-context---core-fit-text=\"core\/fit-text::{&quot;fontSize&quot;:&quot;&quot;}\" data-wp-init---core-fit-text=\"core\/fit-text::callbacks.init\" data-wp-interactive data-wp-style--font-size=\"core\/fit-text::context.fontSize\" class=\"has-fit-text\"><strong><strong>\u201ePNRR. Finan\u021bat de Uniunea European\u0103 &#8211; Urm\u0103toareaGenera\u021bieUE\u201c<\/strong><\/strong><\/p>\n\n\n\n<blockquote class=\"wp-block-quote is-layout-flow wp-block-quote-is-layout-flow\">\n<p class=\"has-text-align-center\">\u201eCon\u021binutul acestui material nu reprezint\u0103 \u00een mod obligatoriu pozi\u021bia oficial\u0103 a Uniunii Europene sau a Guvernului Rom\u00e2niei\u201c.<\/p>\n<\/blockquote>\n\n\n\n<div class=\"wp-block-columns are-vertically-aligned-center is-layout-flex wp-container-core-columns-is-layout-9d6595d7 wp-block-columns-is-layout-flex\">\n<div class=\"wp-block-column is-vertically-aligned-center has-background is-layout-flow wp-block-column-is-layout-flow\" style=\"background:linear-gradient(135deg,rgb(238,238,238) 100%,rgb(169,184,195) 100%)\">\n<p class=\"has-text-align-center\"><strong>Detalii PNRR<\/strong><\/p>\n\n\n\n<p class=\"has-text-align-center\">Aici poti sa g\u0103se\u0219ti informa\u021bii despre cum po\u021bi beneficia de fonduri din PNRR pentru proiectele tale.<a href=\"https:\/\/mfe.gov.ro\/pnrr\/\" target=\"_blank\" rel=\"noreferrer noopener\"><\/a><\/p>\n\n\n\n<div class=\"wp-block-buttons is-content-justification-center is-layout-flex wp-container-core-buttons-is-layout-51f7783f wp-block-buttons-is-layout-flex\">\n<div class=\"wp-block-button is-style-outline is-style-outline--1\"><a class=\"wp-block-button__link has-cyan-bluish-gray-background-color has-background wp-element-button\" href=\"https:\/\/mfe.gov.ro\/pnrr\/\" style=\"border-top-left-radius:16px;border-top-right-radius:16px;border-bottom-left-radius:16px;border-bottom-right-radius:16px\">CIteste mai mult<\/a><\/div>\n<\/div>\n<\/div>\n\n\n\n<div class=\"wp-block-column is-vertically-aligned-center has-background is-layout-flow wp-block-column-is-layout-flow\" style=\"background:linear-gradient(135deg,rgb(238,238,238) 100%,rgb(169,184,195) 100%)\">\n<p class=\"has-text-align-center\"><strong>Detalii Facebook<\/strong><\/p>\n\n\n\n<p class=\"has-text-align-center\">Viziteaz\u0103 pagina oficial\u0103 de Facebook pentru a afla cele mai recente nout\u0103\u021bi legate de implementarea  PNRR.<\/p>\n\n\n\n<div class=\"wp-block-buttons is-content-justification-center is-layout-flex wp-container-core-buttons-is-layout-51f7783f wp-block-buttons-is-layout-flex\">\n<div class=\"wp-block-button is-style-outline is-style-outline--2\"><a class=\"wp-block-button__link has-cyan-bluish-gray-background-color has-background wp-element-button\" href=\"https:\/\/www.facebook.com\/PNRROficial\" style=\"border-top-left-radius:16px;border-top-right-radius:16px;border-bottom-left-radius:16px;border-bottom-right-radius:16px\">Pagina Facebook<\/a><\/div>\n<\/div>\n<\/div>\n\n\n\n<div class=\"wp-block-column is-vertically-aligned-center has-background is-layout-flow wp-block-column-is-layout-flow\" style=\"background:linear-gradient(135deg,rgb(238,238,238) 100%,rgb(169,184,195) 100%)\">\n<p class=\"has-text-align-center\"><strong>Comunicat de presa<\/strong><\/p>\n\n\n\n<p class=\"has-text-align-center\">Pentru mai multe informa\u021bii despre comunicatul de pres\u0103 al proiectului PNRR, accesa\u021bi linkul de mai jos.<\/p>\n\n\n\n<div class=\"wp-block-buttons is-content-justification-center is-layout-flex wp-container-core-buttons-is-layout-51f7783f wp-block-buttons-is-layout-flex\">\n<div class=\"wp-block-button is-style-outline is-style-outline--3\"><a class=\"wp-block-button__link has-cyan-bluish-gray-background-color has-background wp-element-button\" href=\"https:\/\/www.ziaruldeiasi.ro\/stiri\/a-fost-lansat-proiectul-eficientizarea-energetica-a-cladirilor-rezidentiale-unifamiliale-prin-integrarea-de-panouri-fotovoltaice-si-baterii-de-stocare-pentru-gospodariile-vulnerabile--1817566.html\" style=\"border-top-left-radius:16px;border-top-right-radius:16px;border-bottom-left-radius:16px;border-bottom-right-radius:16px\">Mai multe detalii<\/a><\/div>\n<\/div>\n<\/div>\n<\/div>\n\n\n\n<p><\/p>\n","protected":false},"excerpt":{"rendered":"<p>NUMELE PROIECTULUI: Eficientizarea energetic\u0103 a cl\u0103dirilor reziden\u021biale unifamiliale prin integrarea de panouri fotovoltaice \u0219i baterii de stocare pentru gospod\u0103riile vulnerabile NUMELE BENEFICIARULUI: MOBILIS S.R.L. Finan\u021bat prin Planul Na\u021bional de Redresare \u0219i Rezilien\u021b\u0103 Pilonul I. Tranzi\u021bia verde Componenta 16. RePowerEU Investi\u021bia 4. Schema de granturi sub form\u0103 de bonuri valorice pentru accelerarea utiliz\u0103rii energiei din surse<a class=\"more-link\" href=\"https:\/\/mobilis.com.ro\/index.php\/repowereu\/\">Continu\u0103 lectura <span class=\"meta-nav\">&rarr;<\/span><\/a><\/p>\n","protected":false},"author":1,"featured_media":0,"parent":0,"menu_order":0,"comment_status":"closed","ping_status":"closed","template":"","meta":{"footnotes":""},"class_list":["post-179","page","type-page","status-publish","hentry"],"_links":{"self":[{"href":"https:\/\/mobilis.com.ro\/index.php\/wp-json\/wp\/v2\/pages\/179","targetHints":{"allow":["GET"]}}],"collection":[{"href":"https:\/\/mobilis.com.ro\/index.php\/wp-json\/wp\/v2\/pages"}],"about":[{"href":"https:\/\/mobilis.com.ro\/index.php\/wp-json\/wp\/v2\/types\/page"}],"author":[{"embeddable":true,"href":"https:\/\/mobilis.com.ro\/index.php\/wp-json\/wp\/v2\/users\/1"}],"replies":[{"embeddable":true,"href":"https:\/\/mobilis.com.ro\/index.php\/wp-json\/wp\/v2\/comments?post=179"}],"version-history":[{"count":14,"href":"https:\/\/mobilis.com.ro\/index.php\/wp-json\/wp\/v2\/pages\/179\/revisions"}],"predecessor-version":[{"id":236,"href":"https:\/\/mobilis.com.ro\/index.php\/wp-json\/wp\/v2\/pages\/179\/revisions\/236"}],"wp:attachment":[{"href":"https:\/\/mobilis.com.ro\/index.php\/wp-json\/wp\/v2\/media?parent=179"}],"curies":[{"name":"wp","href":"https:\/\/api.w.org\/{rel}","templated":true}]}}